{"id":7534,"date":"2025-03-04T13:45:04","date_gmt":"2025-03-04T12:45:04","guid":{"rendered":"https:\/\/mav.sma.unipi.it\/?page_id=7534"},"modified":"2025-03-04T13:45:05","modified_gmt":"2025-03-04T12:45:05","slug":"cane","status":"publish","type":"page","link":"https:\/\/mav.sma.unipi.it\/en\/cane\/","title":{"rendered":"Cane"},"content":{"rendered":"\n<p>Vi ricordate che nell\u2019ultima rubrica parlammo del \ud835\udc25\ud835\udc2e\ud835\udc29\ud835\udc28 \ud835\udc20\ud835\udc2b\ud835\udc22\ud835\udc20\ud835\udc22\ud835\udc28 \ud835\udc1c\ud835\udc28\ud835\udc26\ud835\udc1e \ud835\udc29\ud835\udc2b\ud835\udc28\ud835\udc20\ud835\udc1e\ud835\udc27\ud835\udc22\ud835\udc2d\ud835\udc28\ud835\udc2b\ud835\udc1e \ud835\udc1d\ud835\udc1e\ud835\udc25 \ud835\udc1c\ud835\udc1a\ud835\udc27\ud835\udc1e?<img loading=\"lazy\" decoding=\"async\" height=\"16\" width=\"16\" alt=\"\ud83d\udc3a\" src=\"https:\/\/static.xx.fbcdn.net\/images\/emoji.php\/v9\/tda\/1\/16\/1f43a.png\"><img loading=\"lazy\" decoding=\"async\" height=\"16\" width=\"16\" alt=\"\u27a1\ufe0f\" src=\"https:\/\/static.xx.fbcdn.net\/images\/emoji.php\/v9\/t9e\/1\/16\/27a1.png\"><img loading=\"lazy\" decoding=\"async\" height=\"16\" width=\"16\" alt=\"\ud83d\udc36\" src=\"https:\/\/static.xx.fbcdn.net\/images\/emoji.php\/v9\/t2f\/1\/16\/1f436.png\"><\/p>\n\n\n\n<p>Oggi vi spiegheremo come dal Lupo grigio siano poi derivate tutte le altre \ud835\udc2b\ud835\udc1a\ud835\udc33\ud835\udc33\ud835\udc1e \ud835\udc1c\ud835\udc1a\ud835\udc27\ud835\udc22\ud835\udc27\ud835\udc1e.<img loading=\"lazy\" decoding=\"async\" height=\"16\" width=\"16\" alt=\"\ud83e\udd14\" src=\"https:\/\/static.xx.fbcdn.net\/images\/emoji.php\/v9\/t34\/1\/16\/1f914.png\"><\/p>\n\n\n\n<p>Il \ud835\udc25\ud835\udc2e\ud835\udc29\ud835\udc28 \u00e8 stato il primo animale domestico della storia, grazie a una \ud835\udc1d\ud835\udc2e\ud835\udc29\ud835\udc25\ud835\udc22\ud835\udc1c\ud835\udc1e \ud835\udc2c\ud835\udc1e\ud835\udc25\ud835\udc1e\ud835\udc33\ud835\udc22\ud835\udc28\ud835\udc27\ud835\udc1e:<\/p>\n\n\n\n<p>1_\ud835\udc2c\ud835\udc1e\ud835\udc25\ud835\udc1e\ud835\udc33\ud835\udc22\ud835\udc28\ud835\udc27\ud835\udc1e \ud835\udc27\ud835\udc1a\ud835\udc2d\ud835\udc2e\ud835\udc2b\ud835\udc1a\ud835\udc25\ud835\udc1e, attuata dal lupo stesso quando ha scelto di condividere con l\u2019uomo le risorse alimentari (i suoi scarti);<\/p>\n\n\n\n<p>2_\ud835\udc2c\ud835\udc1e\ud835\udc25\ud835\udc1e\ud835\udc33\ud835\udc22\ud835\udc28\ud835\udc27\ud835\udc1e \ud835\udc1a\ud835\udc2b\ud835\udc2d\ud835\udc22\ud835\udc1f\ud835\udc22\ud835\udc1c\ud835\udc22\ud835\udc1a\ud835\udc25\ud835\udc1e, condotta dall\u2019uomo, che ha determinato variazioni morfologiche e comportamentali tali da \u00abcreare\u00bb nuovi soggetti adatti alle specifiche esigenze umane (le \ud835\udc2b\ud835\udc1a\ud835\udc33\ud835\udc33\ud835\udc1e).<\/p>\n\n\n\n<p>Uno dei primi \ud835\udc1e\ud835\udc1f\ud835\udc1f\ud835\udc1e\ud835\udc2d\ud835\udc2d\ud835\udc22 \ud835\udc1d\ud835\udc1e\ud835\udc25\ud835\udc25\ud835\udc1a \ud835\udc1d\ud835\udc28\ud835\udc26\ud835\udc1e\ud835\udc2c\ud835\udc2d\ud835\udc22\ud835\udc1c\ud835\udc1a\ud835\udc33\ud835\udc22\ud835\udc28\ud835\udc27\ud835\udc1e \u00e8 stata la \ud835\udc11\ud835\udc08\ud835\udc03\ud835\udc14\ud835\udc19\ud835\udc08\ud835\udc0e\ud835\udc0d\ud835\udc04 \ud835\udc03\ud835\udc04\ud835\udc0b\ud835\udc0b\ud835\udc00 \ud835\udc13\ud835\udc00\ud835\udc06\ud835\udc0b\ud835\udc08\ud835\udc00<img loading=\"lazy\" decoding=\"async\" height=\"16\" width=\"16\" alt=\"\ud83e\udd0f\" src=\"https:\/\/static.xx.fbcdn.net\/images\/emoji.php\/v9\/tc7\/1\/16\/1f90f.png\">&nbsp;che pu\u00f2 spiegarsi col fatto che al di fuori degli insediamenti umani un lupo piccolo, che vive in un branco, pu\u00f2 trovarsi svantaggiato rispetto agli altri esemplari di lupi pi\u00f9 grandi. Probabilmente, sono stati proprio i lupi pi\u00f9 piccoli e mansueti che col tempo si sono lasciati domesticare dagli uomini.<\/p>\n\n\n\n<p>Questo fenomeno pu\u00f2 essere interpretato come il primo passo verso la \ud835\udc2c\ud835\udc1e\ud835\udc25\ud835\udc1e\ud835\udc33\ud835\udc22\ud835\udc28\ud835\udc27\ud835\udc1e \ud835\udc1a\ud835\udc2b\ud835\udc2d\ud835\udc22\ud835\udc1f\ud835\udc22\ud835\udc1c\ud835\udc22\ud835\udc1a\ud835\udc25\ud835\udc1e portata avanti dall\u2019uomo, volta alla ricerca di un \ud835\udc2c\ud835\udc28\ud835\udc20\ud835\udc20\ud835\udc1e\ud835\udc2d\ud835\udc2d\ud835\udc28 \ud835\udc2c\ud835\udc1e\ud835\udc26\ud835\udc29\ud835\udc2b\ud835\udc1e \ud835\udc29\ud835\udc22\ud835\udc2e\u0300 \ud835\udc1d\ud835\udc28\ud835\udc1c\ud835\udc22\ud835\udc25\ud835\udc1e \ud835\udc1e \ud835\udc1d\ud835\udc22\ud835\udc29\ud835\udc1e\ud835\udc27\ud835\udc1d\ud835\udc1e\ud835\udc27\ud835\udc2d\ud835\udc1e: sono quindi nati i primi cani, sempre pi\u00f9 immaturi\/infantili dal punto di vista psichico, caratterialmente pi\u00f9 simili al cucciolo di lupo che non al lupo adulto.<img loading=\"lazy\" decoding=\"async\" height=\"16\" width=\"16\" alt=\"\ud83d\udc3e\" src=\"https:\/\/static.xx.fbcdn.net\/images\/emoji.php\/v9\/tde\/1\/16\/1f43e.png\"><\/p>\n\n\n\n<p>Dai primi cani della preistoria, in seguito, sono poi derivate tutte le altre razze canine, grazie alla selezione artificiale condotta dall\u2019uomo, inizialmente per scopi pratici (caccia, guardia, guerra, traino e pastorizia) per poi arrivare al XIX secolo, in cui nacquero i primi \u201ccani da compagnia o da salotto\u201d e le prime mostre canine.&nbsp;<img loading=\"lazy\" decoding=\"async\" height=\"16\" width=\"16\" alt=\"\ud83d\udc15\" src=\"https:\/\/static.xx.fbcdn.net\/images\/emoji.php\/v9\/t70\/1\/16\/1f415.png\"><img loading=\"lazy\" decoding=\"async\" height=\"16\" width=\"16\" alt=\"\ud83d\udc29\" src=\"https:\/\/static.xx.fbcdn.net\/images\/emoji.php\/v9\/t13\/1\/16\/1f429.png\"><img loading=\"lazy\" decoding=\"async\" height=\"16\" width=\"16\" alt=\"\ud83d\udc15\u200d\ud83e\uddba\" src=\"https:\/\/static.xx.fbcdn.net\/images\/emoji.php\/v9\/t3b\/1\/16\/1f415_200d_1f9ba.png\"><\/p>\n\n\n\n<p>Ecco quindi come dall\u2019unico lupo grigio siano poi derivate le circa \ud835\udfd1\ud835\udfce\ud835\udfce\/\ud835\udfd2\ud835\udfce\ud835\udfce \ud835\udc2b\ud835\udc1a\ud835\udc33\ud835\udc33\ud835\udc1e \ud835\udc1c\ud835\udc1a\ud835\udc27\ud835\udc22\ud835\udc27\ud835\udc1e \ud835\udc1d\ud835\udc22 \ud835\udc28\ud835\udc20\ud835\udc20\ud835\udc22\u2026 e voi, avete un cane e a quale razza appartiene?<\/p>\n\n\n\n<p>\ud835\udc02\ud835\udc28\ud835\udc27\ud835\udc1d\ud835\udc22\ud835\udc2f\ud835\udc22\ud835\udc1d\ud835\udc1e\ud835\udc2d\ud835\udc1e \ud835\udc25\ud835\udc1e \ud835\udc2c\ud835\udc2e\ud835\udc1e \ud835\udc1f\ud835\udc28\ud835\udc2d\ud835\udc28 \ud835\udc27\ud835\udc1e\ud835\udc22 \ud835\udc1c\ud835\udc28\ud835\udc26\ud835\udc26\ud835\udc1e\ud835\udc27\ud835\udc2d\ud835\udc22<img loading=\"lazy\" decoding=\"async\" height=\"16\" width=\"16\" alt=\"\u2757\" src=\"https:\/\/static.xx.fbcdn.net\/images\/emoji.php\/v9\/t50\/1\/16\/2757.png\"><\/p>\n\n\n\n<p>Vi aspettiamo al MAV per ammirare dal vero alcuni dei reperti anatomici pi\u00f9 suggestivi di questo incredibile animale (Canis lupus familiaris \u2013 Linnaeus, 1758) da sempre considerato \u201cil migliore amico dell\u2019uomo\u201d<img loading=\"lazy\" decoding=\"async\" height=\"16\" width=\"16\" src=\"https:\/\/static.xx.fbcdn.net\/images\/emoji.php\/v9\/t57\/1\/16\/1f609.png\" alt=\"\ud83d\ude09\"><\/p>\n\n\n\n<p><a href=\"https:\/\/mav.sma.unipi.it\/animale\/canis-lupus-familiaris-linnaeus-1758\/\">Consulta l\u2019archivio digitale dei nostri reperti relativi al cane<\/a><\/p>\n\n\n\n<figure class=\"wp-block-image\"><img loading=\"lazy\" decoding=\"async\" width=\"1920\" height=\"592\" src=\"https:\/\/mav.sma.unipi.it\/wp-content\/uploads\/2025\/03\/468323226_1078360644080930_4132361857942569131_n.jpg\" alt=\"\" class=\"wp-image-7528\" srcset=\"https:\/\/mav.sma.unipi.it\/wp-content\/uploads\/2025\/03\/468323226_1078360644080930_4132361857942569131_n.jpg 1920w, https:\/\/mav.sma.unipi.it\/wp-content\/uploads\/2025\/03\/468323226_1078360644080930_4132361857942569131_n-700x216.jpg 700w, https:\/\/mav.sma.unipi.it\/wp-content\/uploads\/2025\/03\/468323226_1078360644080930_4132361857942569131_n-768x237.jpg 768w, https:\/\/mav.sma.unipi.it\/wp-content\/uploads\/2025\/03\/468323226_1078360644080930_4132361857942569131_n-1536x474.jpg 1536w\" sizes=\"(max-width: 1920px) 100vw, 1920px\" \/><\/figure>\n","protected":false},"excerpt":{"rendered":"<p>Vi ricordate che nell\u2019ultima rubrica parlammo del \ud835\udc25\ud835\udc2e\ud835\udc29\ud835\udc28 \ud835\udc20\ud835\udc2b\ud835\udc22\ud835\udc20\ud835\udc22\ud835\udc28 \ud835\udc1c\ud835\udc28\ud835\udc26\ud835\udc1e \ud835\udc29\ud835\udc2b\ud835\udc28\ud835\udc20\ud835\udc1e\ud835\udc27\ud835\udc22\ud835\udc2d\ud835\udc28\ud835\udc2b\ud835\udc1e \ud835\udc1d\ud835\udc1e\ud835\udc25 \ud835\udc1c\ud835\udc1a\ud835\udc27\ud835\udc1e? Oggi vi spiegheremo come dal Lupo grigio siano poi derivate tutte le altre \ud835\udc2b\ud835\udc1a\ud835\udc33\ud835\udc33\ud835\udc1e \ud835\udc1c\ud835\udc1a\ud835\udc27\ud835\udc22\ud835\udc27\ud835\udc1e. Il \ud835\udc25\ud835\udc2e\ud835\udc29\ud835\udc28 \u00e8 stato il primo animale domestico della storia, grazie a una \ud835\udc1d\ud835\udc2e\ud835\udc29\ud835\udc25\ud835\udc22\ud835\udc1c\ud835\udc1e \ud835\udc2c\ud835\udc1e\ud835\udc25\ud835\udc1e\ud835\udc33\ud835\udc22\ud835\udc28\ud835\udc27\ud835\udc1e: 1_\ud835\udc2c\ud835\udc1e\ud835\udc25\ud835\udc1e\ud835\udc33\ud835\udc22\ud835\udc28\ud835\udc27\ud835\udc1e \ud835\udc27\ud835\udc1a\ud835\udc2d\ud835\udc2e\ud835\udc2b\ud835\udc1a\ud835\udc25\ud835\udc1e, attuata dal lupo stesso quando ha scelto di condividere con<a class=\"btn btn-blue\" href=\"https:\/\/mav.sma.unipi.it\/en\/cane\/\">Read more &gt;<\/a><\/p>\n","protected":false},"author":16,"featured_media":0,"parent":0,"menu_order":0,"comment_status":"closed","ping_status":"closed","template":"","meta":{"footnotes":""},"yoast_head":"<!-- This site is optimized with the Yoast SEO plugin v24.5 - https:\/\/yoast.com\/wordpress\/plugins\/seo\/ -->\n<title>Cane - Museo Anatomico Veterinario<\/title>\n<meta name=\"robots\" content=\"index, follow, max-snippet:-1, max-image-preview:large, max-video-preview:-1\" \/>\n<link rel=\"canonical\" href=\"https:\/\/mav.sma.unipi.it\/en\/cane\/\" \/>\n<meta property=\"og:locale\" content=\"en_US\" \/>\n<meta property=\"og:type\" content=\"article\" \/>\n<meta property=\"og:title\" content=\"Cane - Museo Anatomico Veterinario\" \/>\n<meta property=\"og:description\" content=\"Vi ricordate che nell\u2019ultima rubrica parlammo del \ud835\udc25\ud835\udc2e\ud835\udc29\ud835\udc28 \ud835\udc20\ud835\udc2b\ud835\udc22\ud835\udc20\ud835\udc22\ud835\udc28 \ud835\udc1c\ud835\udc28\ud835\udc26\ud835\udc1e \ud835\udc29\ud835\udc2b\ud835\udc28\ud835\udc20\ud835\udc1e\ud835\udc27\ud835\udc22\ud835\udc2d\ud835\udc28\ud835\udc2b\ud835\udc1e \ud835\udc1d\ud835\udc1e\ud835\udc25 \ud835\udc1c\ud835\udc1a\ud835\udc27\ud835\udc1e? Oggi vi spiegheremo come dal Lupo grigio siano poi derivate tutte le altre \ud835\udc2b\ud835\udc1a\ud835\udc33\ud835\udc33\ud835\udc1e \ud835\udc1c\ud835\udc1a\ud835\udc27\ud835\udc22\ud835\udc27\ud835\udc1e. Il \ud835\udc25\ud835\udc2e\ud835\udc29\ud835\udc28 \u00e8 stato il primo animale domestico della storia, grazie a una \ud835\udc1d\ud835\udc2e\ud835\udc29\ud835\udc25\ud835\udc22\ud835\udc1c\ud835\udc1e \ud835\udc2c\ud835\udc1e\ud835\udc25\ud835\udc1e\ud835\udc33\ud835\udc22\ud835\udc28\ud835\udc27\ud835\udc1e: 1_\ud835\udc2c\ud835\udc1e\ud835\udc25\ud835\udc1e\ud835\udc33\ud835\udc22\ud835\udc28\ud835\udc27\ud835\udc1e \ud835\udc27\ud835\udc1a\ud835\udc2d\ud835\udc2e\ud835\udc2b\ud835\udc1a\ud835\udc25\ud835\udc1e, attuata dal lupo stesso quando ha scelto di condividere conRead more &gt;\" \/>\n<meta property=\"og:url\" content=\"https:\/\/mav.sma.unipi.it\/en\/cane\/\" \/>\n<meta property=\"og:site_name\" content=\"Museo Anatomico Veterinario\" \/>\n<meta property=\"article:modified_time\" content=\"2025-03-04T12:45:05+00:00\" \/>\n<meta property=\"og:image\" content=\"https:\/\/static.xx.fbcdn.net\/images\/emoji.php\/v9\/tda\/1\/16\/1f43a.png\" \/>\n<meta name=\"twitter:card\" content=\"summary_large_image\" \/>\n<meta name=\"twitter:label1\" content=\"Est. reading time\" \/>\n\t<meta name=\"twitter:data1\" content=\"5 minutes\" \/>\n<script type=\"application\/ld+json\" class=\"yoast-schema-graph\">{\"@context\":\"https:\/\/schema.org\",\"@graph\":[{\"@type\":\"WebPage\",\"@id\":\"https:\/\/mav.sma.unipi.it\/en\/cane\/\",\"url\":\"https:\/\/mav.sma.unipi.it\/en\/cane\/\",\"name\":\"Cane - Museo Anatomico Veterinario\",\"isPartOf\":{\"@id\":\"https:\/\/mav.sma.unipi.it\/#website\"},\"primaryImageOfPage\":{\"@id\":\"https:\/\/mav.sma.unipi.it\/en\/cane\/#primaryimage\"},\"image\":{\"@id\":\"https:\/\/mav.sma.unipi.it\/en\/cane\/#primaryimage\"},\"thumbnailUrl\":\"https:\/\/static.xx.fbcdn.net\/images\/emoji.php\/v9\/tda\/1\/16\/1f43a.png\",\"datePublished\":\"2025-03-04T12:45:04+00:00\",\"dateModified\":\"2025-03-04T12:45:05+00:00\",\"breadcrumb\":{\"@id\":\"https:\/\/mav.sma.unipi.it\/en\/cane\/#breadcrumb\"},\"inLanguage\":\"en-US\",\"potentialAction\":[{\"@type\":\"ReadAction\",\"target\":[\"https:\/\/mav.sma.unipi.it\/en\/cane\/\"]}]},{\"@type\":\"ImageObject\",\"inLanguage\":\"en-US\",\"@id\":\"https:\/\/mav.sma.unipi.it\/en\/cane\/#primaryimage\",\"url\":\"https:\/\/static.xx.fbcdn.net\/images\/emoji.php\/v9\/tda\/1\/16\/1f43a.png\",\"contentUrl\":\"https:\/\/static.xx.fbcdn.net\/images\/emoji.php\/v9\/tda\/1\/16\/1f43a.png\"},{\"@type\":\"BreadcrumbList\",\"@id\":\"https:\/\/mav.sma.unipi.it\/en\/cane\/#breadcrumb\",\"itemListElement\":[{\"@type\":\"ListItem\",\"position\":1,\"name\":\"Home\",\"item\":\"https:\/\/mav.sma.unipi.it\/en\/\"},{\"@type\":\"ListItem\",\"position\":2,\"name\":\"Cane\"}]},{\"@type\":\"WebSite\",\"@id\":\"https:\/\/mav.sma.unipi.it\/#website\",\"url\":\"https:\/\/mav.sma.unipi.it\/\",\"name\":\"Museo Anatomico Veterinario\",\"description\":\"Museo di Anatomia Patologica dell&#039;Universit\u00e0 di Pisa\",\"potentialAction\":[{\"@type\":\"SearchAction\",\"target\":{\"@type\":\"EntryPoint\",\"urlTemplate\":\"https:\/\/mav.sma.unipi.it\/?s={search_term_string}\"},\"query-input\":{\"@type\":\"PropertyValueSpecification\",\"valueRequired\":true,\"valueName\":\"search_term_string\"}}],\"inLanguage\":\"en-US\"}]}<\/script>\n<!-- \/ Yoast SEO plugin. -->","yoast_head_json":{"title":"Cane - Museo Anatomico Veterinario","robots":{"index":"index","follow":"follow","max-snippet":"max-snippet:-1","max-image-preview":"max-image-preview:large","max-video-preview":"max-video-preview:-1"},"canonical":"https:\/\/mav.sma.unipi.it\/en\/cane\/","og_locale":"en_US","og_type":"article","og_title":"Cane - Museo Anatomico Veterinario","og_description":"Vi ricordate che nell\u2019ultima rubrica parlammo del \ud835\udc25\ud835\udc2e\ud835\udc29\ud835\udc28 \ud835\udc20\ud835\udc2b\ud835\udc22\ud835\udc20\ud835\udc22\ud835\udc28 \ud835\udc1c\ud835\udc28\ud835\udc26\ud835\udc1e \ud835\udc29\ud835\udc2b\ud835\udc28\ud835\udc20\ud835\udc1e\ud835\udc27\ud835\udc22\ud835\udc2d\ud835\udc28\ud835\udc2b\ud835\udc1e \ud835\udc1d\ud835\udc1e\ud835\udc25 \ud835\udc1c\ud835\udc1a\ud835\udc27\ud835\udc1e? Oggi vi spiegheremo come dal Lupo grigio siano poi derivate tutte le altre \ud835\udc2b\ud835\udc1a\ud835\udc33\ud835\udc33\ud835\udc1e \ud835\udc1c\ud835\udc1a\ud835\udc27\ud835\udc22\ud835\udc27\ud835\udc1e. Il \ud835\udc25\ud835\udc2e\ud835\udc29\ud835\udc28 \u00e8 stato il primo animale domestico della storia, grazie a una \ud835\udc1d\ud835\udc2e\ud835\udc29\ud835\udc25\ud835\udc22\ud835\udc1c\ud835\udc1e \ud835\udc2c\ud835\udc1e\ud835\udc25\ud835\udc1e\ud835\udc33\ud835\udc22\ud835\udc28\ud835\udc27\ud835\udc1e: 1_\ud835\udc2c\ud835\udc1e\ud835\udc25\ud835\udc1e\ud835\udc33\ud835\udc22\ud835\udc28\ud835\udc27\ud835\udc1e \ud835\udc27\ud835\udc1a\ud835\udc2d\ud835\udc2e\ud835\udc2b\ud835\udc1a\ud835\udc25\ud835\udc1e, attuata dal lupo stesso quando ha scelto di condividere conRead more &gt;","og_url":"https:\/\/mav.sma.unipi.it\/en\/cane\/","og_site_name":"Museo Anatomico Veterinario","article_modified_time":"2025-03-04T12:45:05+00:00","og_image":[{"url":"https:\/\/static.xx.fbcdn.net\/images\/emoji.php\/v9\/tda\/1\/16\/1f43a.png","type":"","width":"","height":""}],"twitter_card":"summary_large_image","twitter_misc":{"Est. reading time":"5 minutes"},"schema":{"@context":"https:\/\/schema.org","@graph":[{"@type":"WebPage","@id":"https:\/\/mav.sma.unipi.it\/en\/cane\/","url":"https:\/\/mav.sma.unipi.it\/en\/cane\/","name":"Cane - Museo Anatomico Veterinario","isPartOf":{"@id":"https:\/\/mav.sma.unipi.it\/#website"},"primaryImageOfPage":{"@id":"https:\/\/mav.sma.unipi.it\/en\/cane\/#primaryimage"},"image":{"@id":"https:\/\/mav.sma.unipi.it\/en\/cane\/#primaryimage"},"thumbnailUrl":"https:\/\/static.xx.fbcdn.net\/images\/emoji.php\/v9\/tda\/1\/16\/1f43a.png","datePublished":"2025-03-04T12:45:04+00:00","dateModified":"2025-03-04T12:45:05+00:00","breadcrumb":{"@id":"https:\/\/mav.sma.unipi.it\/en\/cane\/#breadcrumb"},"inLanguage":"en-US","potentialAction":[{"@type":"ReadAction","target":["https:\/\/mav.sma.unipi.it\/en\/cane\/"]}]},{"@type":"ImageObject","inLanguage":"en-US","@id":"https:\/\/mav.sma.unipi.it\/en\/cane\/#primaryimage","url":"https:\/\/static.xx.fbcdn.net\/images\/emoji.php\/v9\/tda\/1\/16\/1f43a.png","contentUrl":"https:\/\/static.xx.fbcdn.net\/images\/emoji.php\/v9\/tda\/1\/16\/1f43a.png"},{"@type":"BreadcrumbList","@id":"https:\/\/mav.sma.unipi.it\/en\/cane\/#breadcrumb","itemListElement":[{"@type":"ListItem","position":1,"name":"Home","item":"https:\/\/mav.sma.unipi.it\/en\/"},{"@type":"ListItem","position":2,"name":"Cane"}]},{"@type":"WebSite","@id":"https:\/\/mav.sma.unipi.it\/#website","url":"https:\/\/mav.sma.unipi.it\/","name":"Museo Anatomico Veterinario","description":"Museo di Anatomia Patologica dell&#039;Universit\u00e0 di Pisa","potentialAction":[{"@type":"SearchAction","target":{"@type":"EntryPoint","urlTemplate":"https:\/\/mav.sma.unipi.it\/?s={search_term_string}"},"query-input":{"@type":"PropertyValueSpecification","valueRequired":true,"valueName":"search_term_string"}}],"inLanguage":"en-US"}]}},"jetpack_sharing_enabled":true,"_links":{"self":[{"href":"https:\/\/mav.sma.unipi.it\/en\/wp-json\/wp\/v2\/pages\/7534"}],"collection":[{"href":"https:\/\/mav.sma.unipi.it\/en\/wp-json\/wp\/v2\/pages"}],"about":[{"href":"https:\/\/mav.sma.unipi.it\/en\/wp-json\/wp\/v2\/types\/page"}],"author":[{"embeddable":true,"href":"https:\/\/mav.sma.unipi.it\/en\/wp-json\/wp\/v2\/users\/16"}],"replies":[{"embeddable":true,"href":"https:\/\/mav.sma.unipi.it\/en\/wp-json\/wp\/v2\/comments?post=7534"}],"version-history":[{"count":1,"href":"https:\/\/mav.sma.unipi.it\/en\/wp-json\/wp\/v2\/pages\/7534\/revisions"}],"predecessor-version":[{"id":7535,"href":"https:\/\/mav.sma.unipi.it\/en\/wp-json\/wp\/v2\/pages\/7534\/revisions\/7535"}],"wp:attachment":[{"href":"https:\/\/mav.sma.unipi.it\/en\/wp-json\/wp\/v2\/media?parent=7534"}],"curies":[{"name":"wp","href":"https:\/\/api.w.org\/{rel}","templated":true}]}}